{"id":48182,"date":"2023-08-07T19:46:50","date_gmt":"2023-08-07T19:46:50","guid":{"rendered":"https:\/\/granur-technology.com\/?page_id=48182"},"modified":"2023-08-09T08:59:16","modified_gmt":"2023-08-09T08:59:16","slug":"termene-si-conditii","status":"publish","type":"page","link":"https:\/\/granur-technology.com\/en\/termene-si-conditii\/","title":{"rendered":"Terms and Conditions"},"content":{"rendered":"<div data-elementor-type=\"wp-page\" data-elementor-id=\"48182\" class=\"elementor elementor-48182\">\n\t\t\t\t\t\t<section class=\"elementor-section elementor-top-section elementor-element elementor-element-2717bad elementor-section-boxed elementor-section-height-default elementor-section-height-default\" data-id=\"2717bad\" data-element_type=\"section\">\n\t\t\t\t\t\t<div class=\"elementor-container elementor-column-gap-default\">\n\t\t\t\t\t<div class=\"elementor-column elementor-col-100 elementor-top-column elementor-element elementor-element-6d9377a\" data-id=\"6d9377a\" data-element_type=\"column\">\n\t\t\t<div class=\"elementor-widget-wrap elementor-element-populated\">\n\t\t\t\t\t\t<div class=\"elementor-element elementor-element-ef04e94 elementor-widget elementor-widget-heading\" data-id=\"ef04e94\" data-element_type=\"widget\" data-widget_type=\"heading.default\">\n\t\t\t\t<div class=\"elementor-widget-container\">\n\t\t\t\t\t<h2 class=\"elementor-heading-title elementor-size-default\">TERMS AND CONDITIONS<\/h2>\t\t\t\t<\/div>\n\t\t\t\t<\/div>\n\t\t\t\t\t<\/div>\n\t\t<\/div>\n\t\t\t\t\t<\/div>\n\t\t<\/section>\n\t\t\t\t<section class=\"elementor-section elementor-top-section elementor-element elementor-element-cc6ff40 elementor-section-boxed elementor-section-height-default elementor-section-height-default\" data-id=\"cc6ff40\" data-element_type=\"section\">\n\t\t\t\t\t\t<div class=\"elementor-container elementor-column-gap-default\">\n\t\t\t\t\t<div class=\"elementor-column elementor-col-100 elementor-top-column elementor-element elementor-element-ed2deb6\" data-id=\"ed2deb6\" data-element_type=\"column\">\n\t\t\t<div class=\"elementor-widget-wrap elementor-element-populated\">\n\t\t\t\t\t\t<div class=\"elementor-element elementor-element-3947323 elementor-widget elementor-widget-wp-widget-text\" data-id=\"3947323\" data-element_type=\"widget\" data-widget_type=\"wp-widget-text.default\">\n\t\t\t\t<div class=\"elementor-widget-container\">\n\t\t\t\t\t\t\t\t<div class=\"textwidget\"><p>Please read our website TERMS AND CONDITIONS carefully. Accessing the website www.Granur-Technology.com implies acceptance of these TERMS AND CONDITIONS.<\/p>\n<p>Granur-Technology S.R.L., as the owner of the site, reserves the right to modify and update at any time, without prior notice, the content of the site and the TERMS AND CONDITIONS OF USE.<\/p>\n<p>COPYRIGHT<\/p>\n<p>Granur-Technology S.R.L. is the sole owner of the intellectual property rights over the database, the website (www.Granur-Technology.com), its content, the company being protected by the laws in force.<br \/>\nThe use of any of the elements listed above without the consent of the Company is punishable according to the laws in force. Therefore, it is forbidden to access the website www.Granur-Technology.com by automatic programs or manual copying and to publish the content to other companies or websites.<\/p>\n<p>We disclaim liability for any situation that may arise due to software errors or technical faults occurring on the server.<\/p>\n<p>REGISTRATION OBLIGATIONS<\/p>\n<p>Prin utilizarea acestui site, sunte\u021bi de acord s\u0103 furniza\u021bi informa\u021bii adev\u0103rate, exacte, actuale \u0219i complete, a\u0219a cum este specificat \u00een sec\u021biunea de \u00eenregistrare a utilizatorului. Dac\u0103 consider\u0103m c\u0103 aceast\u0103 obliga\u021bie nu este respectat\u0103, ne rezerv\u0103m dreptul de a v\u0103 bloca accesul la utilizarea serviciului f\u0103r\u0103 notificare prealabil\u0103, pentru o perioad\u0103 de timp determinat\u0103 sau nedeterminat\u0103.<\/p>\n<p>By registering as a member you will be asked to choose a username (email address) and password. You are responsible for keeping your password safe as a member of this site, and any activity under your username is entirely your responsibility. You agree to notify us immediately of any loss of password or sign of unauthorized activity under your username.<\/p>\n<p>PRICES<\/p>\n<p>Our pricing policy requires fair and stable long-term pricing.<br \/>\nAll product prices on this website are expressed in lei and represent the final sales prices. Prices do not include shipping charges.<\/p>\n<p>APPLICABLE LAW \u2013 JURISDICTION<\/p>\n<p>This Agreement is subject to Romanian law.<br \/>\nAny disputes between Granur Technology and the Clients will be settled amicably or, if this is not possible, the disputes will be settled by the competent Romanian courts.<\/p>\n<\/div>\n\t\t\t\t\t\t<\/div>\n\t\t\t\t<\/div>\n\t\t\t\t\t<\/div>\n\t\t<\/div>\n\t\t\t\t\t<\/div>\n\t\t<\/section>\n\t\t\t\t<\/div>","protected":false},"excerpt":{"rendered":"<p>TERMS AND CONDITIONS<\/p>","protected":false},"author":1,"featured_media":48204,"parent":0,"menu_order":0,"comment_status":"closed","ping_status":"closed","template":"","meta":{"_acf_changed":false,"footnotes":""},"class_list":["post-48182","page","type-page","status-publish","has-post-thumbnail","hentry"],"acf":[],"yoast_head":"<!-- This site is optimized with the Yoast SEO Premium plugin v17.5 (Yoast SEO v17.5) - https:\/\/yoast.com\/wordpress\/plugins\/seo\/ -->\n<title>Termene si Conditii - Granur-Tehnology<\/title>\n<meta name=\"robots\" content=\"index, follow, max-snippet:-1, max-image-preview:large, max-video-preview:-1\" \/>\n<link rel=\"canonical\" href=\"https:\/\/granur-technology.com\/en\/termene-si-conditii\/\" \/>\n<meta property=\"og:locale\" content=\"en_US\" \/>\n<meta property=\"og:type\" content=\"article\" \/>\n<meta property=\"og:title\" content=\"Termene si Conditii\" \/>\n<meta property=\"og:description\" content=\"Termeni si Conditii\" \/>\n<meta property=\"og:url\" content=\"https:\/\/granur-technology.com\/en\/termene-si-conditii\/\" \/>\n<meta property=\"og:site_name\" content=\"Granur-Tehnology\" \/>\n<meta property=\"article:modified_time\" content=\"2023-08-09T08:59:16+00:00\" \/>\n<meta property=\"og:image\" content=\"https:\/\/granur-technology.com\/wp-content\/uploads\/2023\/08\/abu.jpg\" \/>\n\t<meta property=\"og:image:width\" content=\"1176\" \/>\n\t<meta property=\"og:image:height\" content=\"468\" \/>\n<meta name=\"twitter:card\" content=\"summary_large_image\" \/>\n<script type=\"application\/ld+json\" class=\"yoast-schema-graph\">{\"@context\":\"https:\/\/schema.org\",\"@graph\":[{\"@type\":\"Organization\",\"@id\":\"https:\/\/granur-technology.com\/#organization\",\"name\":\"Granur Technology\",\"url\":\"https:\/\/granur-technology.com\/\",\"sameAs\":[],\"logo\":{\"@type\":\"ImageObject\",\"@id\":\"https:\/\/granur-technology.com\/#logo\",\"inLanguage\":\"en-US\",\"url\":\"https:\/\/granur-technology.com\/wp-content\/uploads\/2023\/07\/gtlogo.png\",\"contentUrl\":\"https:\/\/granur-technology.com\/wp-content\/uploads\/2023\/07\/gtlogo.png\",\"width\":1296,\"height\":572,\"caption\":\"Granur Technology\"},\"image\":{\"@id\":\"https:\/\/granur-technology.com\/#logo\"}},{\"@type\":\"WebSite\",\"@id\":\"https:\/\/granur-technology.com\/#website\",\"url\":\"https:\/\/granur-technology.com\/\",\"name\":\"Granur-Tehnology\",\"description\":\"Transformam idei in Aplicatii Software\",\"publisher\":{\"@id\":\"https:\/\/granur-technology.com\/#organization\"},\"potentialAction\":[{\"@type\":\"SearchAction\",\"target\":{\"@type\":\"EntryPoint\",\"urlTemplate\":\"https:\/\/granur-technology.com\/?s={search_term_string}\"},\"query-input\":\"required name=search_term_string\"}],\"inLanguage\":\"en-US\"},{\"@type\":\"ImageObject\",\"@id\":\"https:\/\/granur-technology.com\/termene-si-conditii\/#primaryimage\",\"inLanguage\":\"en-US\",\"url\":\"https:\/\/granur-technology.com\/wp-content\/uploads\/2023\/08\/abu.jpg\",\"contentUrl\":\"https:\/\/granur-technology.com\/wp-content\/uploads\/2023\/08\/abu.jpg\",\"width\":1176,\"height\":468},{\"@type\":\"WebPage\",\"@id\":\"https:\/\/granur-technology.com\/termene-si-conditii\/#webpage\",\"url\":\"https:\/\/granur-technology.com\/termene-si-conditii\/\",\"name\":\"Termene si Conditii - Granur-Tehnology\",\"isPartOf\":{\"@id\":\"https:\/\/granur-technology.com\/#website\"},\"primaryImageOfPage\":{\"@id\":\"https:\/\/granur-technology.com\/termene-si-conditii\/#primaryimage\"},\"datePublished\":\"2023-08-07T19:46:50+00:00\",\"dateModified\":\"2023-08-09T08:59:16+00:00\",\"breadcrumb\":{\"@id\":\"https:\/\/granur-technology.com\/termene-si-conditii\/#breadcrumb\"},\"inLanguage\":\"en-US\",\"potentialAction\":[{\"@type\":\"ReadAction\",\"target\":[\"https:\/\/granur-technology.com\/termene-si-conditii\/\"]}]},{\"@type\":\"BreadcrumbList\",\"@id\":\"https:\/\/granur-technology.com\/termene-si-conditii\/#breadcrumb\",\"itemListElement\":[{\"@type\":\"ListItem\",\"position\":1,\"name\":\"Home\",\"item\":\"https:\/\/granur-technology.com\/\"},{\"@type\":\"ListItem\",\"position\":2,\"name\":\"Termene si Conditii\"}]}]}<\/script>\n<!-- \/ Yoast SEO Premium plugin. -->","yoast_head_json":{"title":"Termene si Conditii - Granur-Tehnology","robots":{"index":"index","follow":"follow","max-snippet":"max-snippet:-1","max-image-preview":"max-image-preview:large","max-video-preview":"max-video-preview:-1"},"canonical":"https:\/\/granur-technology.com\/en\/termene-si-conditii\/","og_locale":"en_US","og_type":"article","og_title":"Termene si Conditii","og_description":"Termeni si Conditii","og_url":"https:\/\/granur-technology.com\/en\/termene-si-conditii\/","og_site_name":"Granur-Tehnology","article_modified_time":"2023-08-09T08:59:16+00:00","og_image":[{"width":1176,"height":468,"url":"https:\/\/granur-technology.com\/wp-content\/uploads\/2023\/08\/abu.jpg","type":"image\/jpeg"}],"twitter_card":"summary_large_image","schema":{"@context":"https:\/\/schema.org","@graph":[{"@type":"Organization","@id":"https:\/\/granur-technology.com\/#organization","name":"Granur Technology","url":"https:\/\/granur-technology.com\/","sameAs":[],"logo":{"@type":"ImageObject","@id":"https:\/\/granur-technology.com\/#logo","inLanguage":"en-US","url":"https:\/\/granur-technology.com\/wp-content\/uploads\/2023\/07\/gtlogo.png","contentUrl":"https:\/\/granur-technology.com\/wp-content\/uploads\/2023\/07\/gtlogo.png","width":1296,"height":572,"caption":"Granur Technology"},"image":{"@id":"https:\/\/granur-technology.com\/#logo"}},{"@type":"WebSite","@id":"https:\/\/granur-technology.com\/#website","url":"https:\/\/granur-technology.com\/","name":"Granur-Tehnology","description":"Transformam idei in Aplicatii Software","publisher":{"@id":"https:\/\/granur-technology.com\/#organization"},"potentialAction":[{"@type":"SearchAction","target":{"@type":"EntryPoint","urlTemplate":"https:\/\/granur-technology.com\/?s={search_term_string}"},"query-input":"required name=search_term_string"}],"inLanguage":"en-US"},{"@type":"ImageObject","@id":"https:\/\/granur-technology.com\/termene-si-conditii\/#primaryimage","inLanguage":"en-US","url":"https:\/\/granur-technology.com\/wp-content\/uploads\/2023\/08\/abu.jpg","contentUrl":"https:\/\/granur-technology.com\/wp-content\/uploads\/2023\/08\/abu.jpg","width":1176,"height":468},{"@type":"WebPage","@id":"https:\/\/granur-technology.com\/termene-si-conditii\/#webpage","url":"https:\/\/granur-technology.com\/termene-si-conditii\/","name":"Termene si Conditii - Granur-Tehnology","isPartOf":{"@id":"https:\/\/granur-technology.com\/#website"},"primaryImageOfPage":{"@id":"https:\/\/granur-technology.com\/termene-si-conditii\/#primaryimage"},"datePublished":"2023-08-07T19:46:50+00:00","dateModified":"2023-08-09T08:59:16+00:00","breadcrumb":{"@id":"https:\/\/granur-technology.com\/termene-si-conditii\/#breadcrumb"},"inLanguage":"en-US","potentialAction":[{"@type":"ReadAction","target":["https:\/\/granur-technology.com\/termene-si-conditii\/"]}]},{"@type":"BreadcrumbList","@id":"https:\/\/granur-technology.com\/termene-si-conditii\/#breadcrumb","itemListElement":[{"@type":"ListItem","position":1,"name":"Home","item":"https:\/\/granur-technology.com\/"},{"@type":"ListItem","position":2,"name":"Termene si Conditii"}]}]}},"_links":{"self":[{"href":"https:\/\/granur-technology.com\/en\/wp-json\/wp\/v2\/pages\/48182","targetHints":{"allow":["GET"]}}],"collection":[{"href":"https:\/\/granur-technology.com\/en\/wp-json\/wp\/v2\/pages"}],"about":[{"href":"https:\/\/granur-technology.com\/en\/wp-json\/wp\/v2\/types\/page"}],"author":[{"embeddable":true,"href":"https:\/\/granur-technology.com\/en\/wp-json\/wp\/v2\/users\/1"}],"replies":[{"embeddable":true,"href":"https:\/\/granur-technology.com\/en\/wp-json\/wp\/v2\/comments?post=48182"}],"version-history":[{"count":12,"href":"https:\/\/granur-technology.com\/en\/wp-json\/wp\/v2\/pages\/48182\/revisions"}],"predecessor-version":[{"id":48202,"href":"https:\/\/granur-technology.com\/en\/wp-json\/wp\/v2\/pages\/48182\/revisions\/48202"}],"wp:featuredmedia":[{"embeddable":true,"href":"https:\/\/granur-technology.com\/en\/wp-json\/wp\/v2\/media\/48204"}],"wp:attachment":[{"href":"https:\/\/granur-technology.com\/en\/wp-json\/wp\/v2\/media?parent=48182"}],"curies":[{"name":"wp","href":"https:\/\/api.w.org\/{rel}","templated":true}]}}